{"id":165,"date":"2022-01-11T01:56:27","date_gmt":"2022-01-11T00:56:27","guid":{"rendered":"http:\/\/soie-vie-laine.com\/?page_id=165"},"modified":"2023-02-28T18:49:20","modified_gmt":"2023-02-28T17:49:20","slug":"nuno-feutrage-technique","status":"publish","type":"page","link":"https:\/\/soie-vie-laine.com\/index.php\/nuno-feutrage-technique\/","title":{"rendered":"Nuno Feutrage Technique"},"content":{"rendered":"\t\t<div data-elementor-type=\"wp-page\" data-elementor-id=\"165\" class=\"elementor elementor-165\">\n\t\t\t\t\t\t\t\t\t<section class=\"elementor-section elementor-top-section elementor-element elementor-element-5108c2ed elementor-section-boxed elementor-section-height-default elementor-section-height-default\" data-id=\"5108c2ed\" data-element_type=\"section\">\n\t\t\t\t\t\t<div class=\"elementor-container elementor-column-gap-default\">\n\t\t\t\t\t<div class=\"elementor-column elementor-col-100 elementor-top-column elementor-element elementor-element-27cc1848\" data-id=\"27cc1848\" data-element_type=\"column\">\n\t\t\t<div class=\"elementor-widget-wrap elementor-element-populated\">\n\t\t\t\t\t\t\t\t<div class=\"elementor-element elementor-element-33538c65 elementor-widget elementor-widget-text-editor\" data-id=\"33538c65\" data-element_type=\"widget\" data-widget_type=\"text-editor.default\">\n\t\t\t\t<div class=\"elementor-widget-container\">\n\t\t\t<style>\/*! elementor - v3.11.5 - 14-03-2023 *\/\n.elementor-widget-text-editor.elementor-drop-cap-view-stacked .elementor-drop-cap{background-color:#818a91;color:#fff}.elementor-widget-text-editor.elementor-drop-cap-view-framed .elementor-drop-cap{color:#818a91;border:3px solid;background-color:transparent}.elementor-widget-text-editor:not(.elementor-drop-cap-view-default) .elementor-drop-cap{margin-top:8px}.elementor-widget-text-editor:not(.elementor-drop-cap-view-default) .elementor-drop-cap-letter{width:1em;height:1em}.elementor-widget-text-editor .elementor-drop-cap{float:left;text-align:center;line-height:1;font-size:50px}.elementor-widget-text-editor .elementor-drop-cap-letter{display:inline-block}<\/style>\t\t\t\t<p><!-- wp:paragraph --><\/p>\n<p>Vous vous demandez ce qu&#8217;est le Nuno Feutrage ?<\/p>\n<p><!-- \/wp:paragraph --><\/p>\n<p><!-- wp:paragraph --><\/p>\n<p>C&#8217;est un Art Textile qui consiste \u00e0 faire fusionner des fibres de laine avec de la soie ou d&#8217;autres \u00e9toffes, par la technique du feutrage humide.<\/p>\n<p><!-- \/wp:paragraph --><\/p>\n<p><!-- wp:paragraph --><\/p>\n<p>Les mati\u00e8res premi\u00e8res :<\/p>\n<p><!-- \/wp:paragraph --><\/p>\n<p><!-- wp:paragraph --><\/p>\n<p>Des fibres de laines M\u00e9rinos, des \u00e9toffes de soie tr\u00e8s fines.<\/p>\n<p><!-- \/wp:paragraph --><\/p>\n<p><!-- wp:paragraph --><\/p>\n<p>Personnellement, j&#8217;utilise une laine M\u00e9rinos tr\u00e8s fines ( entre 16 et 20 microns ) et des soies \u00e9galement tr\u00e8s fines (Pong\u00e9 05 en g\u00e9n\u00e9ral). Mais aussi des fils de soie de Sari recycl\u00e9es.<\/p><p>Ci-dessous un vid\u00e9o o\u00f9 vous pourrez d\u00e9couvrir comment je travaille.<\/p>\n<p><!-- \/wp:paragraph --><\/p>\n<p><!-- wp:gallery {\"ids\":[166,167,168,169,170],\"linkTo\":\"none\"} --><\/p>\n<figure class=\"wp-block-gallery columns-3 is-cropped\">\n<ul class=\"blocks-gallery-grid\">\n<li class=\"blocks-gallery-item\">\n<figure><img loading=\"lazy\" width=\"1024\" height=\"249\" src=\"http:\/\/soie-vie-laine.com\/wp-content\/uploads\/2022\/01\/PXL_20210114_135558520-1024x249.jpg\" alt=\"\" data-id=\"166\" data-full-url=\"http:\/\/soie-vie-laine.com\/wp-content\/uploads\/2022\/01\/PXL_20210114_135558520-scaled.jpg\" data-link=\"http:\/\/soie-vie-laine.com\/?attachment_id=166\" class=\"wp-image-166\" srcset=\"https:\/\/soie-vie-laine.com\/wp-content\/uploads\/2022\/01\/PXL_20210114_135558520-1024x249.jpg 1024w, https:\/\/soie-vie-laine.com\/wp-content\/uploads\/2022\/01\/PXL_20210114_135558520-300x73.jpg 300w, https:\/\/soie-vie-laine.com\/wp-content\/uploads\/2022\/01\/PXL_20210114_135558520-768x187.jpg 768w, https:\/\/soie-vie-laine.com\/wp-content\/uploads\/2022\/01\/PXL_20210114_135558520-1536x373.jpg 1536w, https:\/\/soie-vie-laine.com\/wp-content\/uploads\/2022\/01\/PXL_20210114_135558520-2048x498.jpg 2048w\" sizes=\"(max-width: 1024px) 100vw, 1024px\" \/><\/figure>\n<\/li>\n<li class=\"blocks-gallery-item\">\n<figure><img loading=\"lazy\" width=\"1024\" height=\"576\" src=\"http:\/\/soie-vie-laine.com\/wp-content\/uploads\/2022\/01\/PXL_20210119_104044973.PORTRAIT-1024x576.jpg\" alt=\"\" data-id=\"167\" data-full-url=\"http:\/\/soie-vie-laine.com\/wp-content\/uploads\/2022\/01\/PXL_20210119_104044973.PORTRAIT-scaled.jpg\" data-link=\"http:\/\/soie-vie-laine.com\/?attachment_id=167\" class=\"wp-image-167\" srcset=\"https:\/\/soie-vie-laine.com\/wp-content\/uploads\/2022\/01\/PXL_20210119_104044973.PORTRAIT-1024x576.jpg 1024w, https:\/\/soie-vie-laine.com\/wp-content\/uploads\/2022\/01\/PXL_20210119_104044973.PORTRAIT-300x169.jpg 300w, https:\/\/soie-vie-laine.com\/wp-content\/uploads\/2022\/01\/PXL_20210119_104044973.PORTRAIT-768x432.jpg 768w, https:\/\/soie-vie-laine.com\/wp-content\/uploads\/2022\/01\/PXL_20210119_104044973.PORTRAIT-1536x864.jpg 1536w, https:\/\/soie-vie-laine.com\/wp-content\/uploads\/2022\/01\/PXL_20210119_104044973.PORTRAIT-2048x1152.jpg 2048w, https:\/\/soie-vie-laine.com\/wp-content\/uploads\/2022\/01\/PXL_20210119_104044973.PORTRAIT-1920x1080.jpg 1920w\" sizes=\"(max-width: 1024px) 100vw, 1024px\" \/><\/figure>\n<\/li>\n<li class=\"blocks-gallery-item\">\n<figure><img loading=\"lazy\" width=\"1024\" height=\"576\" src=\"http:\/\/soie-vie-laine.com\/wp-content\/uploads\/2022\/01\/PXL_20210409_134043933-1024x576.jpg\" alt=\"\" data-id=\"168\" data-full-url=\"http:\/\/soie-vie-laine.com\/wp-content\/uploads\/2022\/01\/PXL_20210409_134043933.jpg\" data-link=\"http:\/\/soie-vie-laine.com\/?attachment_id=168\" class=\"wp-image-168\" srcset=\"https:\/\/soie-vie-laine.com\/wp-content\/uploads\/2022\/01\/PXL_20210409_134043933-1024x576.jpg 1024w, https:\/\/soie-vie-laine.com\/wp-content\/uploads\/2022\/01\/PXL_20210409_134043933-300x169.jpg 300w, https:\/\/soie-vie-laine.com\/wp-content\/uploads\/2022\/01\/PXL_20210409_134043933-768x432.jpg 768w, https:\/\/soie-vie-laine.com\/wp-content\/uploads\/2022\/01\/PXL_20210409_134043933-1536x864.jpg 1536w, https:\/\/soie-vie-laine.com\/wp-content\/uploads\/2022\/01\/PXL_20210409_134043933.jpg 1564w\" sizes=\"(max-width: 1024px) 100vw, 1024px\" \/><\/figure>\n<\/li>\n<li class=\"blocks-gallery-item\">\n<figure><img loading=\"lazy\" width=\"1024\" height=\"576\" src=\"http:\/\/soie-vie-laine.com\/wp-content\/uploads\/2022\/01\/PXL_20210731_172335370-1024x576.jpg\" alt=\"\" data-id=\"169\" data-full-url=\"http:\/\/soie-vie-laine.com\/wp-content\/uploads\/2022\/01\/PXL_20210731_172335370.jpg\" data-link=\"http:\/\/soie-vie-laine.com\/?attachment_id=169\" class=\"wp-image-169\" srcset=\"https:\/\/soie-vie-laine.com\/wp-content\/uploads\/2022\/01\/PXL_20210731_172335370-1024x576.jpg 1024w, https:\/\/soie-vie-laine.com\/wp-content\/uploads\/2022\/01\/PXL_20210731_172335370-300x169.jpg 300w, https:\/\/soie-vie-laine.com\/wp-content\/uploads\/2022\/01\/PXL_20210731_172335370-768x432.jpg 768w, https:\/\/soie-vie-laine.com\/wp-content\/uploads\/2022\/01\/PXL_20210731_172335370-1536x864.jpg 1536w, https:\/\/soie-vie-laine.com\/wp-content\/uploads\/2022\/01\/PXL_20210731_172335370.jpg 1564w\" sizes=\"(max-width: 1024px) 100vw, 1024px\" \/><\/figure>\n<\/li>\n<li class=\"blocks-gallery-item\">\n<figure><img loading=\"lazy\" width=\"1024\" height=\"576\" src=\"http:\/\/soie-vie-laine.com\/wp-content\/uploads\/2022\/01\/PXL_20210802_101936033-1024x576.jpg\" alt=\"\" data-id=\"170\" data-full-url=\"http:\/\/soie-vie-laine.com\/wp-content\/uploads\/2022\/01\/PXL_20210802_101936033.jpg\" data-link=\"http:\/\/soie-vie-laine.com\/?attachment_id=170\" class=\"wp-image-170\" srcset=\"https:\/\/soie-vie-laine.com\/wp-content\/uploads\/2022\/01\/PXL_20210802_101936033-1024x576.jpg 1024w, https:\/\/soie-vie-laine.com\/wp-content\/uploads\/2022\/01\/PXL_20210802_101936033-300x169.jpg 300w, https:\/\/soie-vie-laine.com\/wp-content\/uploads\/2022\/01\/PXL_20210802_101936033-768x432.jpg 768w, https:\/\/soie-vie-laine.com\/wp-content\/uploads\/2022\/01\/PXL_20210802_101936033-1536x864.jpg 1536w, https:\/\/soie-vie-laine.com\/wp-content\/uploads\/2022\/01\/PXL_20210802_101936033.jpg 1564w\" sizes=\"(max-width: 1024px) 100vw, 1024px\" \/><\/figure>\n<\/li>\n<\/ul>\n<\/figure>\n<p><!-- \/wp:gallery --><\/p>\t\t\t\t\t\t<\/div>\n\t\t\t\t<\/div>\n\t\t\t\t\t<\/div>\n\t\t<\/div>\n\t\t\t\t\t\t\t<\/div>\n\t\t<\/section>\n\t\t\t\t<section class=\"elementor-section elementor-top-section elementor-element elementor-element-8c8d4de elementor-section-boxed elementor-section-height-default elementor-section-height-default\" data-id=\"8c8d4de\" data-element_type=\"section\">\n\t\t\t\t\t\t<div class=\"elementor-container elementor-column-gap-default\">\n\t\t\t\t\t<div class=\"elementor-column elementor-col-100 elementor-top-column elementor-element elementor-element-caa7919\" data-id=\"caa7919\" data-element_type=\"column\">\n\t\t\t<div class=\"elementor-widget-wrap elementor-element-populated\">\n\t\t\t\t\t\t\t\t<div class=\"elementor-element elementor-element-38bbfc3 elementor-widget elementor-widget-video\" data-id=\"38bbfc3\" data-element_type=\"widget\" data-settings=\"{&quot;youtube_url&quot;:&quot;https:\\\/\\\/www.youtube.com\\\/watch?v=XZoYHaiDaD4&amp;t=298s&quot;,&quot;autoplay&quot;:&quot;yes&quot;,&quot;play_on_mobile&quot;:&quot;yes&quot;,&quot;video_type&quot;:&quot;youtube&quot;,&quot;controls&quot;:&quot;yes&quot;}\" data-widget_type=\"video.default\">\n\t\t\t\t<div class=\"elementor-widget-container\">\n\t\t\t<style>\/*! elementor - v3.11.5 - 14-03-2023 *\/\n.elementor-widget-video .elementor-widget-container{overflow:hidden;transform:translateZ(0)}.elementor-widget-video .elementor-wrapper iframe,.elementor-widget-video .elementor-wrapper video{height:100%;width:100%;display:flex;border:none;background-color:#000}.elementor-widget-video .elementor-open-inline .elementor-custom-embed-image-overlay{position:absolute;top:0;left:0;width:100%;height:100%;background-size:cover;background-position:50%}.elementor-widget-video .elementor-custom-embed-image-overlay{cursor:pointer;text-align:center}.elementor-widget-video .elementor-custom-embed-image-overlay:hover .elementor-custom-embed-play i{opacity:1}.elementor-widget-video .elementor-custom-embed-image-overlay img{display:block;width:100%}.elementor-widget-video .e-hosted-video .elementor-video{-o-object-fit:cover;object-fit:cover}.e-con-inner>.elementor-widget-video,.e-con>.elementor-widget-video{width:var(--container-widget-width);--flex-grow:var(--container-widget-flex-grow)}<\/style>\t\t<div class=\"elementor-wrapper elementor-open-inline\">\n\t\t\t<div class=\"elementor-video\"><\/div>\t\t<\/div>\n\t\t\t\t<\/div>\n\t\t\t\t<\/div>\n\t\t\t\t\t<\/div>\n\t\t<\/div>\n\t\t\t\t\t\t\t<\/div>\n\t\t<\/section>\n\t\t\t\t\t\t\t<\/div>\n\t\t","protected":false},"excerpt":{"rendered":"<p>Vous vous demandez ce qu&#8217;est le Nuno Feutrage ? C&#8217;est un Art Textile qui consiste \u00e0 faire fusionner des fibres<\/p>\n<p><a href=\"https:\/\/soie-vie-laine.com\/index.php\/nuno-feutrage-technique\/\" class=\"more-link\">Continue reading<span class=\"screen-reader-text\">Nuno Feutrage Technique<\/span><\/a><\/p>\n","protected":false},"author":1,"featured_media":0,"parent":0,"menu_order":0,"comment_status":"closed","ping_status":"closed","template":"","meta":[],"_links":{"self":[{"href":"https:\/\/soie-vie-laine.com\/index.php\/wp-json\/wp\/v2\/pages\/165"}],"collection":[{"href":"https:\/\/soie-vie-laine.com\/index.php\/wp-json\/wp\/v2\/pages"}],"about":[{"href":"https:\/\/soie-vie-laine.com\/index.php\/wp-json\/wp\/v2\/types\/page"}],"author":[{"embeddable":true,"href":"https:\/\/soie-vie-laine.com\/index.php\/wp-json\/wp\/v2\/users\/1"}],"replies":[{"embeddable":true,"href":"https:\/\/soie-vie-laine.com\/index.php\/wp-json\/wp\/v2\/comments?post=165"}],"version-history":[{"count":8,"href":"https:\/\/soie-vie-laine.com\/index.php\/wp-json\/wp\/v2\/pages\/165\/revisions"}],"predecessor-version":[{"id":232,"href":"https:\/\/soie-vie-laine.com\/index.php\/wp-json\/wp\/v2\/pages\/165\/revisions\/232"}],"wp:attachment":[{"href":"https:\/\/soie-vie-laine.com\/index.php\/wp-json\/wp\/v2\/media?parent=165"}],"curies":[{"name":"wp","href":"https:\/\/api.w.org\/{rel}","templated":true}]}}